{"id":1518,"date":"2020-07-20T11:05:06","date_gmt":"2020-07-20T11:05:06","guid":{"rendered":"https:\/\/www.strojemavet.sk\/uvod\/"},"modified":"2021-01-22T10:16:38","modified_gmt":"2021-01-22T10:16:38","slug":"home","status":"publish","type":"page","link":"https:\/\/www.strojemavet.sk\/de\/","title":{"rendered":"Home"},"content":{"rendered":"<p>[et_pb_section fb_built=&#8220;1&#8243; _builder_version=&#8220;4.5.1&#8243; _module_preset=&#8220;default&#8220; use_background_color_gradient=&#8220;on&#8220; background_color_gradient_start=&#8220;rgba(0,0,0,0.6)&#8220; background_color_gradient_end=&#8220;rgba(41,196,169,0)&#8220; background_color_gradient_type=&#8220;radial&#8220; background_color_gradient_end_position=&#8220;36%&#8220; background_color_gradient_overlays_image=&#8220;on&#8220; background_image=&#8220;http:\/\/www.strojemavet.sk\/wp-content\/uploads\/2020\/07\/EVO-165-DT.jpg&#8220; scroll_blur_enable=&#8220;on&#8220; scroll_blur=&#8220;0|15|37|68|0px|0px|4px&#8220; motion_trigger_start=&#8220;bottom&#8220; scroll_blur_tablet=&#8220;0|34|68|100|0px|0px|0px&#8220; scroll_blur_phone=&#8220;&#8220; scroll_blur_last_edited=&#8220;on|phone&#8220;][et_pb_row column_structure=&#8220;1_4,1_2,1_4&#8243; _builder_version=&#8220;4.5.1&#8243; _module_preset=&#8220;default&#8220; custom_margin=&#8220;31px|auto||auto||&#8220; custom_padding=&#8220;74px||27px|||&#8220;][et_pb_column type=&#8220;1_4&#8243; _builder_version=&#8220;4.5.1&#8243; _module_preset=&#8220;default&#8220;][\/et_pb_column][et_pb_column type=&#8220;1_2&#8243; _builder_version=&#8220;4.5.1&#8243; _module_preset=&#8220;default&#8220;][et_pb_text _builder_version=&#8220;4.7.7&#8243; _module_preset=&#8220;default&#8220; header_font=&#8220;Raleway|800||on|||||&#8220; header_text_align=&#8220;center&#8220; header_text_color=&#8220;#ffffff&#8220; header_font_size=&#8220;44px&#8220; header_line_height=&#8220;1.2em&#8220; custom_margin=&#8220;||-9px|||&#8220; hover_enabled=&#8220;0&#8243; header_text_shadow_style=&#8220;preset3&#8243; header_text_shadow_color=&#8220;#000000&#8243; header_font_size_last_edited=&#8220;on|phone&#8220; sticky_enabled=&#8220;0&#8243; header_font_size_phone=&#8220;36px&#8220;]<\/p>\n<h1>Wir bieten die besten Gartenl\u00f6sungen<\/h1>\n<p>[\/et_pb_text][\/et_pb_column][et_pb_column type=&#8220;1_4&#8243; _builder_version=&#8220;4.5.1&#8243; _module_preset=&#8220;default&#8220;][\/et_pb_column][\/et_pb_row][et_pb_row module_class=&#8220;btn-inline&#8220; _builder_version=&#8220;4.5.1&#8243; _module_preset=&#8220;default&#8220; custom_margin=&#8220;|auto|66px|auto||&#8220; custom_padding=&#8220;10px|||||&#8220;][et_pb_column type=&#8220;4_4&#8243; _builder_version=&#8220;4.5.1&#8243; _module_preset=&#8220;default&#8220;][et_pb_button button_url=&#8220;http:\/\/www.strojemavet.sk\/de\/kontakt\/&#8220; button_text=&#8220;Kontakt&#8220; button_alignment=&#8220;center&#8220; _builder_version=&#8220;4.7.7&#8243; _module_preset=&#8220;default&#8220; custom_button=&#8220;on&#8220; button_text_size=&#8220;15px&#8220; button_text_color=&#8220;#ffffff&#8220; button_bg_color=&#8220;#6aaf08&#8243; button_border_width=&#8220;2px&#8220; button_border_color=&#8220;#6aaf08&#8243; button_border_radius=&#8220;30px&#8220; button_font=&#8220;Raleway|600||on|||||&#8220; button_icon=&#8220;%%20%%&#8220; button_on_hover=&#8220;off&#8220; custom_margin=&#8220;7px|10px|7px|10px|false|false&#8220; custom_padding=&#8220;10px||10px||false|false&#8220; filter_opacity__hover_enabled=&#8220;on|hover&#8220; filter_opacity__hover=&#8220;80%&#8220;][\/et_pb_button][\/et_pb_column][\/et_pb_row][\/et_pb_section][et_pb_section fb_built=&#8220;1&#8243; _builder_version=&#8220;4.5.1&#8243; _module_preset=&#8220;default&#8220; use_background_color_gradient=&#8220;on&#8220; background_color_gradient_start=&#8220;rgba(255,255,255,0.9)&#8220; background_color_gradient_end=&#8220;#ffffff&#8220; background_color_gradient_overlays_image=&#8220;on&#8220; background_image=&#8220;http:\/\/www.strojemavet.sk\/wp-content\/uploads\/2020\/07\/CS80-Standing-2.jpg&#8220; custom_padding=&#8220;||11px|||&#8220;][et_pb_row column_structure=&#8220;1_4,1_4,1_4,1_4&#8243; use_custom_gutter=&#8220;on&#8220; gutter_width=&#8220;2&#8243; make_equal=&#8220;on&#8220; module_id=&#8220;stroje&#8220; _builder_version=&#8220;4.7.7&#8243; _module_preset=&#8220;default&#8220; custom_padding=&#8220;||90px|||&#8220;][et_pb_column type=&#8220;1_4&#8243; _builder_version=&#8220;4.5.1&#8243; _module_preset=&#8220;default&#8220; background_color=&#8220;#6aaf08&#8243;][et_pb_image src=&#8220;http:\/\/www.strojemavet.sk\/wp-content\/uploads\/2020\/07\/\u0160tiepkova\u010de.jpg&#8220; title_text=&#8220;\u0160tiepkova\u010de&#8220; align=&#8220;center&#8220; _builder_version=&#8220;4.5.6&#8243; _module_preset=&#8220;default&#8220; transform_styles__hover_enabled=&#8220;on|hover&#8220; transform_scale__hover_enabled=&#8220;on|hover&#8220; transform_translate__hover_enabled=&#8220;on|desktop&#8220; transform_rotate__hover_enabled=&#8220;on|desktop&#8220; transform_skew__hover_enabled=&#8220;on|desktop&#8220; transform_origin__hover_enabled=&#8220;on|desktop&#8220; transform_scale__hover=&#8220;105%|105%&#8220;][\/et_pb_image][et_pb_text _builder_version=&#8220;4.5.6&#8243; _module_preset=&#8220;default&#8220; header_2_font=&#8220;Raleway|600|||||||&#8220; header_2_text_align=&#8220;center&#8220; header_2_text_color=&#8220;#ffffff&#8220; header_2_font_size=&#8220;21px&#8220; header_2_line_height=&#8220;1.2em&#8220; custom_margin=&#8220;||13px||false|false&#8220; custom_padding=&#8220;20px||||false|false&#8220;]<\/p>\n<h2>H\u00e4cksler<\/h2>\n<p>[\/et_pb_text][et_pb_text _builder_version=&#8220;4.5.6&#8243; _module_preset=&#8220;default&#8220; text_font=&#8220;Raleway||||||||&#8220; text_text_color=&#8220;#ffffff&#8220; text_line_height=&#8220;1.6em&#8220; text_orientation=&#8220;center&#8220; custom_margin=&#8220;||26px||false|false&#8220; custom_padding=&#8220;|35px||35px|false|false&#8220; custom_padding_tablet=&#8220;&#8220; custom_padding_phone=&#8220;|20px||20px|false|false&#8220; custom_padding_last_edited=&#8220;on|phone&#8220;]<\/p>\n<p>Alle Produkte sind konstruiert so, dass sie viele Jahren zuverl\u00e4ssig und leistungsstark sind. GreenMech hat f\u00fchrende Position in seinem Bereich in Gro\u00dfbritannien, Deutschland, Australien oder andere L\u00e4nder.<\/p>\n<p>[\/et_pb_text][et_pb_button button_url=&#8220;https:\/\/www.strojemavet.sk\/de\/haecksler\/&#8220; button_text=&#8220;Mehr informationen&#8220; button_alignment=&#8220;center&#8220; _builder_version=&#8220;4.5.6&#8243; _module_preset=&#8220;default&#8220; custom_button=&#8220;on&#8220; button_text_size=&#8220;13px&#8220; button_text_color=&#8220;#ffffff&#8220; button_bg_color=&#8220;#252525&#8243; button_border_width=&#8220;2px&#8220; button_border_color=&#8220;#252525&#8243; button_border_radius=&#8220;30px&#8220; button_font=&#8220;Raleway|600||on|||||&#8220; button_icon=&#8220;%%20%%&#8220; button_on_hover=&#8220;off&#8220; custom_margin=&#8220;30px|10px|30px|10px|false|false&#8220; custom_padding=&#8220;10px||10px||false|false&#8220; filter_opacity__hover_enabled=&#8220;on|hover&#8220; filter_opacity__hover=&#8220;80%&#8220;][\/et_pb_button][\/et_pb_column][et_pb_column type=&#8220;1_4&#8243; _builder_version=&#8220;4.5.1&#8243; _module_preset=&#8220;default&#8220; background_color=&#8220;#252525&#8243;][et_pb_image src=&#8220;http:\/\/www.strojemavet.sk\/wp-content\/uploads\/2020\/07\/Zameta\u010de.jpg&#8220; title_text=&#8220;Zameta\u010de&#8220; align=&#8220;center&#8220; _builder_version=&#8220;4.5.1&#8243; _module_preset=&#8220;default&#8220; transform_styles__hover_enabled=&#8220;on|hover&#8220; transform_scale__hover_enabled=&#8220;on|hover&#8220; transform_translate__hover_enabled=&#8220;on|desktop&#8220; transform_rotate__hover_enabled=&#8220;on|desktop&#8220; transform_skew__hover_enabled=&#8220;on|desktop&#8220; transform_origin__hover_enabled=&#8220;on|desktop&#8220; transform_scale__hover=&#8220;105%|105%&#8220;][\/et_pb_image][et_pb_text _builder_version=&#8220;4.5.6&#8243; _module_preset=&#8220;default&#8220; header_2_font=&#8220;Raleway|600|||||||&#8220; header_2_text_align=&#8220;center&#8220; header_2_text_color=&#8220;#ffffff&#8220; header_2_font_size=&#8220;21px&#8220; header_2_line_height=&#8220;1.2em&#8220; custom_margin=&#8220;||13px|||&#8220; custom_padding=&#8220;20px||||false|false&#8220;]<\/p>\n<h2>Schiebebesen Broomate<\/h2>\n<p>[\/et_pb_text][et_pb_text _builder_version=&#8220;4.5.6&#8243; _module_preset=&#8220;default&#8220; text_font=&#8220;Raleway||||||||&#8220; text_text_color=&#8220;#ffffff&#8220; text_line_height=&#8220;1.6em&#8220; text_orientation=&#8220;center&#8220; custom_margin=&#8220;||26px||false|false&#8220; custom_padding=&#8220;|35px||35px|false|false&#8220; custom_padding_tablet=&#8220;&#8220; custom_padding_phone=&#8220;|20px||20px|false|false&#8220; custom_padding_last_edited=&#8220;on|phone&#8220;]<\/p>\n<p>Erprobte L\u00f6sung f\u00fcr verschiedene Zwecke. Aus dem Kompaktlader (Bobcat, UNC, Gehl..), Gabelstapler, Lader (JCB, Manitou, Merlo) oder Traktor wird sofort eine \u00fcberaschend leistungsf\u00e4higkeit Kehrmaschine.<\/p>\n<p>[\/et_pb_text][et_pb_button button_url=&#8220;https:\/\/www.strojemavet.sk\/de\/universales-besengeraet-broomate\/&#8220; button_text=&#8220;Mehr informationen&#8220; button_alignment=&#8220;center&#8220; _builder_version=&#8220;4.5.6&#8243; _module_preset=&#8220;default&#8220; custom_button=&#8220;on&#8220; button_text_size=&#8220;13px&#8220; button_text_color=&#8220;#ffffff&#8220; button_bg_color=&#8220;#6aaf08&#8243; button_border_width=&#8220;2px&#8220; button_border_color=&#8220;#6aaf08&#8243; button_border_radius=&#8220;30px&#8220; button_font=&#8220;Raleway|600||on|||||&#8220; button_icon=&#8220;%%20%%&#8220; button_on_hover=&#8220;off&#8220; custom_margin=&#8220;30px|10px|30px|10px|false|false&#8220; custom_padding=&#8220;10px||10px||false|false&#8220; filter_opacity__hover_enabled=&#8220;on|hover&#8220; filter_opacity__hover=&#8220;80%&#8220;][\/et_pb_button][\/et_pb_column][et_pb_column type=&#8220;1_4&#8243; _builder_version=&#8220;4.5.1&#8243; _module_preset=&#8220;default&#8220; background_color=&#8220;#6aaf08&#8243;][et_pb_image src=&#8220;https:\/\/www.strojemavet.sk\/wp-content\/uploads\/2021\/01\/sat01.jpg&#8220; title_text=&#8220;sat01&#8243; align=&#8220;center&#8220; _builder_version=&#8220;4.7.7&#8243; _module_preset=&#8220;default&#8220; transform_styles__hover_enabled=&#8220;on|hover&#8220; transform_scale__hover_enabled=&#8220;on|hover&#8220; transform_translate__hover_enabled=&#8220;on|desktop&#8220; transform_rotate__hover_enabled=&#8220;on|desktop&#8220; transform_skew__hover_enabled=&#8220;on|desktop&#8220; transform_origin__hover_enabled=&#8220;on|desktop&#8220; transform_scale__hover=&#8220;105%|105%&#8220;][\/et_pb_image][et_pb_text _builder_version=&#8220;4.7.7&#8243; _module_preset=&#8220;default&#8220; header_2_font=&#8220;Raleway|600|||||||&#8220; header_2_text_align=&#8220;center&#8220; header_2_text_color=&#8220;#ffffff&#8220; header_2_font_size=&#8220;21px&#8220; header_2_line_height=&#8220;1.2em&#8220; custom_margin=&#8220;||13px|||&#8220; custom_padding=&#8220;20px||||false|false&#8220;]<\/p>\n<h2>Holzspalter, S\u00e4gen<\/h2>\n<p>[\/et_pb_text][et_pb_text _builder_version=&#8220;4.7.7&#8243; _module_preset=&#8220;default&#8220; text_font=&#8220;Raleway||||||||&#8220; text_text_color=&#8220;#ffffff&#8220; text_line_height=&#8220;1.6em&#8220; text_orientation=&#8220;center&#8220; custom_margin=&#8220;||26px||false|false&#8220; custom_padding=&#8220;|35px|0px|35px|false|false&#8220; custom_padding_tablet=&#8220;&#8220; custom_padding_phone=&#8220;|20px||20px|false|false&#8220; custom_padding_last_edited=&#8220;on|phone&#8220;]<\/p>\n<ul class=\"smallfont\">\n<li>Trommels\u00e4ge Antrieb: Zapfwelle oder Zapfwelle und E-Motor (9,2 kW 400V)<\/li>\n<li>4 Kan\u00e4le, sehr hohe Effektivit\u00e4t, bis\u00a060 Schnitte pro Minute<\/li>\n<li>Maximale Sicherheit: kein direkter Zugriff auf das Blatt, maximale Sicherhe<\/li>\n<\/ul>\n<p>[\/et_pb_text][et_pb_button button_url=&#8220;https:\/\/www.strojemavet.sk\/de\/quatromat-sat-4-700-de\/?et_fb=1&#038;PageSpeed=off&#8220; button_text=&#8220;Mehr informationen&#8220; button_alignment=&#8220;center&#8220; _builder_version=&#8220;4.7.7&#8243; _module_preset=&#8220;default&#8220; custom_button=&#8220;on&#8220; button_text_size=&#8220;13px&#8220; button_text_color=&#8220;#ffffff&#8220; button_bg_color=&#8220;#252525&#8243; button_border_width=&#8220;2px&#8220; button_border_color=&#8220;#252525&#8243; button_border_radius=&#8220;30px&#8220; button_font=&#8220;Raleway|600||on|||||&#8220; button_icon=&#8220;%%20%%&#8220; button_on_hover=&#8220;off&#8220; custom_margin=&#8220;30px|10px|30px|10px|false|false&#8220; custom_padding=&#8220;10px||10px||false|false&#8220; filter_opacity__hover_enabled=&#8220;on|hover&#8220; filter_opacity__hover=&#8220;80%&#8220;][\/et_pb_button][\/et_pb_column][et_pb_column type=&#8220;1_4&#8243; _builder_version=&#8220;4.5.1&#8243; _module_preset=&#8220;default&#8220; background_color=&#8220;#252525&#8243;][et_pb_image src=&#8220;http:\/\/www.strojemavet.sk\/wp-content\/uploads\/2020\/07\/Minibagre.jpg&#8220; title_text=&#8220;Minibagre&#8220; align=&#8220;center&#8220; _builder_version=&#8220;4.5.1&#8243; _module_preset=&#8220;default&#8220; transform_styles__hover_enabled=&#8220;on|hover&#8220; transform_scale__hover_enabled=&#8220;on|hover&#8220; transform_translate__hover_enabled=&#8220;on|desktop&#8220; transform_rotate__hover_enabled=&#8220;on|desktop&#8220; transform_skew__hover_enabled=&#8220;on|desktop&#8220; transform_origin__hover_enabled=&#8220;on|desktop&#8220; transform_scale__hover=&#8220;105%|105%&#8220;][\/et_pb_image][et_pb_text _builder_version=&#8220;4.5.6&#8243; _module_preset=&#8220;default&#8220; header_2_font=&#8220;Raleway|600|||||||&#8220; header_2_text_align=&#8220;center&#8220; header_2_text_color=&#8220;#ffffff&#8220; header_2_font_size=&#8220;21px&#8220; header_2_line_height=&#8220;1.2em&#8220; custom_margin=&#8220;||13px|||&#8220; custom_padding=&#8220;20px||||false|false&#8220;]<\/p>\n<h2>BOXER Maschinen<\/h2>\n<p>[\/et_pb_text][et_pb_text _builder_version=&#8220;4.7.7&#8243; _module_preset=&#8220;default&#8220; text_font=&#8220;Raleway||||||||&#8220; text_text_color=&#8220;#ffffff&#8220; text_line_height=&#8220;1.6em&#8220; text_orientation=&#8220;center&#8220; custom_margin=&#8220;||26px||false|false&#8220; custom_padding=&#8220;|35px||35px|false|false&#8220; custom_padding_tablet=&#8220;&#8220; custom_padding_phone=&#8220;|20px||20px|false|false&#8220; custom_padding_last_edited=&#8220;on|phone&#8220;]<\/p>\n<p>Dank moderner, aber \u00fcberpr\u00fcfter Technik sind BOXER Maschinen zuverl\u00e4ssig, robust und leistungsf\u00e4hig. BOXER iste eine L\u00f6sung die intuitiv mit der Bedienung gebundet ist. Probieren Sie unsere Maschinen aus. Demo-Vorf\u00fchrung m\u00f6glich.<\/p>\n<p>[\/et_pb_text][et_pb_button button_url=&#8220;https:\/\/www.strojemavet.sk\/de\/boxer-maschinen\/&#8220; button_text=&#8220;Mehr informationen&#8220; button_alignment=&#8220;center&#8220; _builder_version=&#8220;4.7.7&#8243; _module_preset=&#8220;default&#8220; custom_button=&#8220;on&#8220; button_text_size=&#8220;13px&#8220; button_text_color=&#8220;#ffffff&#8220; button_bg_color=&#8220;#6aaf08&#8243; button_border_width=&#8220;2px&#8220; button_border_color=&#8220;#6aaf08&#8243; button_border_radius=&#8220;30px&#8220; button_font=&#8220;Raleway|600||on|||||&#8220; button_icon=&#8220;%%20%%&#8220; button_on_hover=&#8220;off&#8220; custom_margin=&#8220;30px|10px|30px|10px|false|false&#8220; custom_padding=&#8220;10px||10px||false|false&#8220; filter_opacity__hover_enabled=&#8220;on|hover&#8220; filter_opacity__hover=&#8220;80%&#8220;][\/et_pb_button][\/et_pb_column][\/et_pb_row][\/et_pb_section][et_pb_section fb_built=&#8220;1&#8243; _builder_version=&#8220;4.5.1&#8243; _module_preset=&#8220;default&#8220; use_background_color_gradient=&#8220;on&#8220; background_color_gradient_start=&#8220;rgba(255,255,255,0.78)&#8220; background_color_gradient_end=&#8220;#ffffff&#8220; background_color_gradient_type=&#8220;radial&#8220; background_color_gradient_direction_radial=&#8220;bottom left&#8220; background_color_gradient_end_position=&#8220;50%&#8220; background_color_gradient_overlays_image=&#8220;on&#8220; background_image=&#8220;http:\/\/www.strojemavet.sk\/wp-content\/uploads\/2020\/07\/CS80-Standing-2.jpg&#8220; custom_padding=&#8220;107px||157px|||&#8220;][et_pb_row column_structure=&#8220;2_5,3_5&#8243; _builder_version=&#8220;4.5.1&#8243; _module_preset=&#8220;default&#8220;][et_pb_column type=&#8220;2_5&#8243; _builder_version=&#8220;4.5.1&#8243; _module_preset=&#8220;default&#8220;][et_pb_text _builder_version=&#8220;4.5.6&#8243; _module_preset=&#8220;default&#8220; text_font=&#8220;Raleway|700||on|||||&#8220; text_text_color=&#8220;#000000&#8243; text_font_size=&#8220;49px&#8220; text_line_height=&#8220;1.3em&#8220; custom_margin=&#8220;||0px||false|false&#8220; custom_padding=&#8220;||||false|false&#8220; text_font_size_tablet=&#8220;38px&#8220; text_font_size_phone=&#8220;25px&#8220; text_font_size_last_edited=&#8220;on|phone&#8220;]<\/p>\n<p>\u00dcber das unternehmen Mavet<\/p>\n<p>[\/et_pb_text][et_pb_text _builder_version=&#8220;4.5.6&#8243; _module_preset=&#8220;default&#8220; text_font=&#8220;Raleway|300|||||||&#8220; text_text_color=&#8220;#000000&#8243; text_font_size=&#8220;19px&#8220; text_line_height=&#8220;1.6em&#8220; custom_margin=&#8220;||26px||false|false&#8220; custom_padding_phone=&#8220;|20px||20px|false|false&#8220; custom_padding_last_edited=&#8220;off|desktop&#8220;]<\/p>\n<p>Mavet, spol. s r.o. (Gmbh.)<\/p>\n<p>[\/et_pb_text][et_pb_divider divider_weight=&#8220;2px&#8220; _builder_version=&#8220;4.5.1&#8243; _module_preset=&#8220;default&#8220; width=&#8220;150px&#8220;][\/et_pb_divider][\/et_pb_column][et_pb_column type=&#8220;3_5&#8243; _builder_version=&#8220;4.5.1&#8243; _module_preset=&#8220;default&#8220;][et_pb_text _builder_version=&#8220;4.5.6&#8243; _module_preset=&#8220;default&#8220; text_font=&#8220;Raleway||||||||&#8220; text_text_color=&#8220;#000000&#8243; text_line_height=&#8220;1.6em&#8220; custom_margin=&#8220;||26px||false|false&#8220; custom_padding=&#8220;||||false|false&#8220; custom_padding_phone=&#8220;|20px||20px|false|false&#8220; custom_padding_last_edited=&#8220;off|desktop&#8220;]<\/p>\n<p>Slowakische Geselshaft Mavet, realisiert Verkauf, Servis und andere Dienstleistungen, die mit Marken <strong>GreenMech<\/strong>, <strong>AMR<\/strong> Vogesen Blitz, <strong>Broomate<\/strong> und <strong>BOXER<\/strong> zusamenh\u00e4ngen.<\/p>\n<p>[\/et_pb_text][et_pb_button button_url=&#8220;http:\/\/www.strojemavet.sk\/de\/kontakt\/&#8220; button_text=&#8220;Kontaktieren uns&#8220; button_alignment=&#8220;left&#8220; _builder_version=&#8220;4.5.6&#8243; _module_preset=&#8220;default&#8220; custom_button=&#8220;on&#8220; button_text_size=&#8220;13px&#8220; button_text_color=&#8220;#ffffff&#8220; button_bg_color=&#8220;#6aaf08&#8243; button_border_width=&#8220;2px&#8220; button_border_color=&#8220;#6aaf08&#8243; button_border_radius=&#8220;30px&#8220; button_font=&#8220;Raleway|600||on|||||&#8220; button_icon=&#8220;%%20%%&#8220; button_on_hover=&#8220;off&#8220; custom_margin=&#8220;7px||7px||false|false&#8220; custom_padding=&#8220;10px||10px||false|false&#8220; filter_opacity__hover_enabled=&#8220;on|hover&#8220; filter_opacity__hover=&#8220;80%&#8220;][\/et_pb_button][\/et_pb_column][\/et_pb_row][\/et_pb_section]<\/p>\n","protected":false},"excerpt":{"rendered":"<p>Wir bieten die besten Gartenl\u00f6sungenH\u00e4ckslerAlle Produkte sind konstruiert so, dass sie viele Jahren zuverl\u00e4ssig und leistungsstark sind. GreenMech hat f\u00fchrende Position in seinem Bereich in Gro\u00dfbritannien, Deutschland, Australien oder andere L\u00e4nder.Schiebebesen BroomateErprobte L\u00f6sung f\u00fcr verschiedene Zwecke. Aus dem Kompaktlader (Bobcat, UNC, Gehl..), Gabelstapler, Lader (JCB, Manitou, Merlo) oder Traktor wird sofort eine \u00fcberaschend leistungsf\u00e4higkeit Kehrmaschine.Holzspalter, [&hellip;]<\/p>\n","protected":false},"author":1,"featured_media":0,"parent":0,"menu_order":0,"comment_status":"closed","ping_status":"closed","template":"","meta":{"_et_pb_use_builder":"on","_et_pb_old_content":"","_et_gb_content_width":"","two_page_speed":[],"footnotes":""},"class_list":["post-1518","page","type-page","status-publish","hentry"],"_links":{"self":[{"href":"https:\/\/www.strojemavet.sk\/de\/wp-json\/wp\/v2\/pages\/1518","targetHints":{"allow":["GET"]}}],"collection":[{"href":"https:\/\/www.strojemavet.sk\/de\/wp-json\/wp\/v2\/pages"}],"about":[{"href":"https:\/\/www.strojemavet.sk\/de\/wp-json\/wp\/v2\/types\/page"}],"author":[{"embeddable":true,"href":"https:\/\/www.strojemavet.sk\/de\/wp-json\/wp\/v2\/users\/1"}],"replies":[{"embeddable":true,"href":"https:\/\/www.strojemavet.sk\/de\/wp-json\/wp\/v2\/comments?post=1518"}],"version-history":[{"count":10,"href":"https:\/\/www.strojemavet.sk\/de\/wp-json\/wp\/v2\/pages\/1518\/revisions"}],"predecessor-version":[{"id":1802,"href":"https:\/\/www.strojemavet.sk\/de\/wp-json\/wp\/v2\/pages\/1518\/revisions\/1802"}],"wp:attachment":[{"href":"https:\/\/www.strojemavet.sk\/de\/wp-json\/wp\/v2\/media?parent=1518"}],"curies":[{"name":"wp","href":"https:\/\/api.w.org\/{rel}","templated":true}]}}