{"id":1544,"date":"2020-07-20T11:08:01","date_gmt":"2020-07-20T11:08:01","guid":{"rendered":"https:\/\/www.strojemavet.sk\/stiepkovace\/"},"modified":"2026-01-29T11:50:22","modified_gmt":"2026-01-29T11:50:22","slug":"haecksler","status":"publish","type":"page","link":"https:\/\/www.strojemavet.sk\/de\/haecksler\/","title":{"rendered":"H\u00e4cksler"},"content":{"rendered":"<p>[et_pb_section fb_built=&#8220;1&#8243; _builder_version=&#8220;4.5.1&#8243; _module_preset=&#8220;default&#8220; use_background_color_gradient=&#8220;on&#8220; background_color_gradient_start=&#8220;rgba(5,43,0,0.76)&#8220; background_color_gradient_end=&#8220;rgba(41,196,169,0)&#8220; background_color_gradient_type=&#8220;radial&#8220; background_color_gradient_direction_radial=&#8220;left&#8220; background_color_gradient_end_position=&#8220;69%&#8220; background_color_gradient_overlays_image=&#8220;on&#8220; background_image=&#8220;http:\/\/www.strojemavet.sk\/wp-content\/uploads\/2020\/07\/EVO-165-DT.jpg&#8220; custom_padding=&#8220;||24px||false|false&#8220; scroll_blur=&#8220;0|15|37|68|0px|0px|4px&#8220; motion_trigger_start=&#8220;bottom&#8220; scroll_blur_tablet=&#8220;0|34|68|100|0px|0px|0px&#8220; scroll_blur_phone=&#8220;&#8220; scroll_blur_last_edited=&#8220;on|phone&#8220;][et_pb_row _builder_version=&#8220;4.5.1&#8243; _module_preset=&#8220;default&#8220; custom_margin=&#8220;22px|auto||auto||&#8220; custom_padding=&#8220;16px||27px|||&#8220;][et_pb_column type=&#8220;4_4&#8243; _builder_version=&#8220;4.5.1&#8243; _module_preset=&#8220;default&#8220;][et_pb_text _builder_version=&#8220;4.5.6&#8243; _module_preset=&#8220;default&#8220; header_font=&#8220;Raleway|800||on|||||&#8220; header_text_align=&#8220;left&#8220; header_text_color=&#8220;#ffffff&#8220; header_font_size=&#8220;44px&#8220; header_line_height=&#8220;1.2em&#8220; custom_margin=&#8220;||-9px|||&#8220; hover_enabled=&#8220;0&#8243; header_font_size_tablet=&#8220;37px&#8220; header_font_size_phone=&#8220;32px&#8220; header_font_size_last_edited=&#8220;on|phone&#8220; header_text_shadow_style=&#8220;preset3&#8243; header_text_shadow_color=&#8220;#000000&#8243;]<\/p>\n<h1>H\u00e4cksler<\/h1>\n<p>[\/et_pb_text][et_pb_text _builder_version=&#8220;4.5.6&#8243; _module_preset=&#8220;default&#8220; text_font=&#8220;Raleway||||||||&#8220; text_text_color=&#8220;#ffffff&#8220; text_line_height=&#8220;1.6em&#8220; custom_margin=&#8220;7px||26px||false|false&#8220; custom_padding_phone=&#8220;|20px||20px|false|false&#8220; custom_padding_last_edited=&#8220;off|desktop&#8220; hover_enabled=&#8220;0&#8243;]<\/p>\n<p><strong><a href=\"http:\/\/www.strojemavet.sk\/de\">Home<\/a><\/strong>\u00a0\/ H\u00e4cksler<\/p>\n<p>[\/et_pb_text][\/et_pb_column][\/et_pb_row][\/et_pb_section][et_pb_section fb_built=&#8220;1&#8243; _builder_version=&#8220;4.5.1&#8243; _module_preset=&#8220;default&#8220; custom_padding=&#8220;||27px|||&#8220;][et_pb_row column_structure=&#8220;1_3,1_3,1_3&#8243; _builder_version=&#8220;4.5.1&#8243; _module_preset=&#8220;default&#8220;][et_pb_column type=&#8220;1_3&#8243; _builder_version=&#8220;4.5.1&#8243; _module_preset=&#8220;default&#8220;][et_pb_image src=&#8220;http:\/\/www.strojemavet.sk\/wp-content\/uploads\/2020\/07\/\u0160tiepkova\u010de-s-vlastn\u00fdm-motorom.jpg&#8220; title_text=&#8220;\u0160tiepkova\u010de s vlastn\u00fdm motorom&#8220; url=&#8220;https:\/\/www.strojemavet.sk\/de\/haecksler\/haeckslers-mit-eigenem-motor\/&#8220; _builder_version=&#8220;4.5.6&#8243; _module_preset=&#8220;default&#8220; custom_margin=&#8220;||0px||false|false&#8220; hover_enabled=&#8220;0&#8243; transform_styles__hover_enabled=&#8220;on|hover&#8220; transform_scale__hover_enabled=&#8220;on|hover&#8220; transform_translate__hover_enabled=&#8220;on|desktop&#8220; transform_rotate__hover_enabled=&#8220;on|desktop&#8220; transform_skew__hover_enabled=&#8220;on|desktop&#8220; transform_origin__hover_enabled=&#8220;on|desktop&#8220; transform_scale__hover=&#8220;105%|105%&#8220;][\/et_pb_image][et_pb_text _builder_version=&#8220;4.5.6&#8243; _module_preset=&#8220;default&#8220; text_font=&#8220;Raleway|700|||||||&#8220; text_text_color=&#8220;#ffffff&#8220; text_font_size=&#8220;21px&#8220; text_line_height=&#8220;1.3em&#8220; background_color=&#8220;#6aaf08&#8243; custom_margin=&#8220;||-50px||false|false&#8220; custom_padding=&#8220;40px|20px|60px|20px|false|false&#8220; hover_enabled=&#8220;0&#8243; text_font_size_tablet=&#8220;38px&#8220; text_font_size_phone=&#8220;25px&#8220; text_font_size_last_edited=&#8220;off|desktop&#8220;]<\/p>\n<p style=\"text-align: center;\">H\u00e4ckslers mit eigenem Motor<\/p>\n<p>[\/et_pb_text][et_pb_button button_url=&#8220;https:\/\/www.strojemavet.sk\/de\/haecksler\/haeckslers-mit-eigenem-motor\/&#8220; button_text=&#8220;Mehr Informationen&#8220; button_alignment=&#8220;center&#8220; _builder_version=&#8220;4.5.6&#8243; _module_preset=&#8220;default&#8220; custom_button=&#8220;on&#8220; button_text_size=&#8220;13px&#8220; button_text_color=&#8220;#ffffff&#8220; button_bg_color=&#8220;#252525&#8243; button_border_width=&#8220;2px&#8220; button_border_color=&#8220;#252525&#8243; button_border_radius=&#8220;30px&#8220; button_font=&#8220;Raleway|600||on|||||&#8220; button_icon=&#8220;%%20%%&#8220; button_on_hover=&#8220;off&#8220; custom_margin=&#8220;30px|10px|30px|10px|false|false&#8220; custom_padding=&#8220;10px||10px||false|false&#8220; hover_enabled=&#8220;0&#8243; filter_opacity__hover_enabled=&#8220;on|hover&#8220; filter_opacity__hover=&#8220;80%&#8220;][\/et_pb_button][\/et_pb_column][et_pb_column type=&#8220;1_3&#8243; _builder_version=&#8220;4.5.1&#8243; _module_preset=&#8220;default&#8220;][et_pb_image src=&#8220;http:\/\/www.strojemavet.sk\/wp-content\/uploads\/2020\/07\/\u0160tiepkova\u010de-za-traktor.jpg&#8220; title_text=&#8220;\u0160tiepkova\u010de za traktor&#8220; url=&#8220;https:\/\/www.strojemavet.sk\/de\/haecksler\/traktorhaeckler-in-ein-paar-wochen&#8220; _builder_version=&#8220;4.5.6&#8243; _module_preset=&#8220;default&#8220; custom_margin=&#8220;||0px||false|false&#8220; hover_enabled=&#8220;0&#8243; transform_styles__hover_enabled=&#8220;on|hover&#8220; transform_scale__hover_enabled=&#8220;on|hover&#8220; transform_translate__hover_enabled=&#8220;on|desktop&#8220; transform_rotate__hover_enabled=&#8220;on|desktop&#8220; transform_skew__hover_enabled=&#8220;on|desktop&#8220; transform_origin__hover_enabled=&#8220;on|desktop&#8220; transform_scale__hover=&#8220;105%|105%&#8220;][\/et_pb_image][et_pb_text _builder_version=&#8220;4.5.6&#8243; _module_preset=&#8220;default&#8220; text_font=&#8220;Raleway|700|||||||&#8220; text_text_color=&#8220;#ffffff&#8220; text_font_size=&#8220;21px&#8220; text_line_height=&#8220;1.3em&#8220; background_color=&#8220;#252525&#8243; custom_margin=&#8220;||-50px||false|false&#8220; custom_padding=&#8220;40px|20px|60px|20px|false|false&#8220; hover_enabled=&#8220;0&#8243; text_font_size_tablet=&#8220;38px&#8220; text_font_size_phone=&#8220;25px&#8220; text_font_size_last_edited=&#8220;off|desktop&#8220;]<\/p>\n<p style=\"text-align: center;\">Traktorh\u00e4ckler &#8211; in ein paar Wochen<\/p>\n<p>[\/et_pb_text][et_pb_button button_url=&#8220;https:\/\/www.strojemavet.sk\/de\/haecksler\/traktorhaeckler-in-ein-paar-wochen&#8220; button_text=&#8220;Mehr Informationen&#8220; button_alignment=&#8220;center&#8220; _builder_version=&#8220;4.5.6&#8243; _module_preset=&#8220;default&#8220; custom_button=&#8220;on&#8220; button_text_size=&#8220;13px&#8220; button_text_color=&#8220;#ffffff&#8220; button_bg_color=&#8220;#6aaf08&#8243; button_border_width=&#8220;2px&#8220; button_border_color=&#8220;#6aaf08&#8243; button_border_radius=&#8220;30px&#8220; button_font=&#8220;Raleway|600||on|||||&#8220; button_icon=&#8220;%%20%%&#8220; button_on_hover=&#8220;off&#8220; custom_margin=&#8220;30px|10px|30px|10px|false|false&#8220; custom_padding=&#8220;10px||10px||false|false&#8220; hover_enabled=&#8220;0&#8243; filter_opacity__hover_enabled=&#8220;on|hover&#8220; filter_opacity__hover=&#8220;80%&#8220;][\/et_pb_button][\/et_pb_column][et_pb_column type=&#8220;1_3&#8243; _builder_version=&#8220;4.5.1&#8243; _module_preset=&#8220;default&#8220;][\/et_pb_column][\/et_pb_row][\/et_pb_section][et_pb_section fb_built=&#8220;1&#8243; _builder_version=&#8220;4.5.1&#8243; _module_preset=&#8220;default&#8220; use_background_color_gradient=&#8220;on&#8220; background_color_gradient_start=&#8220;rgba(244,244,244,0.98)&#8220; background_color_gradient_end=&#8220;rgba(244,244,244,0.98)&#8220; background_color_gradient_overlays_image=&#8220;on&#8220; background_image=&#8220;http:\/\/www.strojemavet.sk\/wp-content\/uploads\/2020\/07\/Slider2.jpg&#8220; custom_padding=&#8220;80px||86px|||&#8220;][et_pb_row _builder_version=&#8220;4.5.1&#8243; _module_preset=&#8220;default&#8220; custom_margin=&#8220;|auto|16px|auto|false|false&#8220; custom_padding=&#8220;||11px|||&#8220;][et_pb_column type=&#8220;4_4&#8243; _builder_version=&#8220;4.5.1&#8243; _module_preset=&#8220;default&#8220;][et_pb_text _builder_version=&#8220;4.5.6&#8243; _module_preset=&#8220;default&#8220; text_font=&#8220;Raleway||||||||&#8220; text_text_color=&#8220;#000000&#8243; text_font_size=&#8220;16px&#8220; text_line_height=&#8220;1.8em&#8220; custom_margin=&#8220;||41px||false|false&#8220; custom_padding=&#8220;||||false|false&#8220; custom_padding_phone=&#8220;|20px||20px|false|false&#8220; custom_padding_last_edited=&#8220;off|desktop&#8220; hover_enabled=&#8220;0&#8243;]<\/p>\n<p>Mavet, spol. GmbH. hat in ihrem Portfolio H\u00e4ckslers von Geselschaft GreenMech Ltd. UK. Diese renomierte britische Geselschaft hat auf dem Market mehr als vierzig j\u00e4hrige Tradition. Alle Produkte sind konstruiert so, dass sie viele Jahren zuverl\u00e4ssig und leistungsstark sind. GreenMech hat f\u00fchrende Position in seinem Bereich in Gro\u00dfbritannien, Deutschland, Australien oder andere L\u00e4nder. Es handelt sich um origineles H\u00e4cklers die auch f\u00fcr schwierige Bedinungen gebaut sind. Mehrere Informationen oder Prospekten \u00fcber konkreten H\u00e4cklers kann man schicken.<\/p>\n<p>[\/et_pb_text][\/et_pb_column][\/et_pb_row][\/et_pb_section][et_pb_section fb_built=&#8220;1&#8243; _builder_version=&#8220;4.5.1&#8243; _module_preset=&#8220;default&#8220; use_background_color_gradient=&#8220;on&#8220; background_color_gradient_start=&#8220;rgba(255,255,255,0.87)&#8220; background_color_gradient_end=&#8220;#ffffff&#8220; background_color_gradient_type=&#8220;radial&#8220; background_color_gradient_direction_radial=&#8220;bottom left&#8220; background_color_gradient_end_position=&#8220;50%&#8220; background_color_gradient_overlays_image=&#8220;on&#8220; background_image=&#8220;http:\/\/www.strojemavet.sk\/wp-content\/uploads\/2020\/07\/CS80-Standing-2.jpg&#8220; custom_padding=&#8220;27px||21px|||&#8220;][et_pb_row column_structure=&#8220;1_2,1_2&#8243; _builder_version=&#8220;4.5.1&#8243; _module_preset=&#8220;default&#8220; custom_margin=&#8220;-99px|auto|76px|auto|false|false&#8220; custom_padding=&#8220;24px||17px|||&#8220; scroll_vertical_motion=&#8220;0|50|50|100|-2|0|0&#8243;][et_pb_column type=&#8220;1_2&#8243; _builder_version=&#8220;4.5.1&#8243; _module_preset=&#8220;default&#8220; background_color=&#8220;#252525&#8243; background_enable_image=&#8220;off&#8220; custom_padding=&#8220;70px|50px|70px|50px|false|false&#8220; custom_padding_tablet=&#8220;|30px||30px|false|false&#8220; custom_padding_phone=&#8220;|30px||30px|false|false&#8220; custom_padding_last_edited=&#8220;on|phone&#8220; box_shadow_style=&#8220;preset1&#8243; box_shadow_blur=&#8220;46px&#8220; box_shadow_spread=&#8220;-6px&#8220;][et_pb_text _builder_version=&#8220;4.5.6&#8243; _module_preset=&#8220;default&#8220; text_font=&#8220;Raleway|700|||||||&#8220; text_text_color=&#8220;#ffffff&#8220; text_font_size=&#8220;21px&#8220; text_line_height=&#8220;1.3em&#8220; custom_margin=&#8220;||22px||false|false&#8220; custom_padding=&#8220;||||false|false&#8220; hover_enabled=&#8220;0&#8243; text_font_size_tablet=&#8220;38px&#8220; text_font_size_phone=&#8220;25px&#8220; text_font_size_last_edited=&#8220;off|desktop&#8220;]<\/p>\n<p>Britische premium Profi-H\u00e4cksler GreenMech<\/p>\n<p>[\/et_pb_text][et_pb_divider divider_weight=&#8220;2px&#8220; _builder_version=&#8220;4.5.1&#8243; _module_preset=&#8220;default&#8220; width=&#8220;150px&#8220; custom_margin=&#8220;||16px|||&#8220;][\/et_pb_divider][et_pb_text _builder_version=&#8220;4.5.6&#8243; _module_preset=&#8220;default&#8220; text_font=&#8220;Raleway|300|||||||&#8220; text_text_color=&#8220;#ffffff&#8220; text_line_height=&#8220;1.6em&#8220; custom_margin=&#8220;||26px||false|false&#8220; custom_padding=&#8220;||||false|false&#8220; custom_padding_phone=&#8220;|20px||20px|false|false&#8220; custom_padding_last_edited=&#8220;off|desktop&#8220; hover_enabled=&#8220;0&#8243;]<\/p>\n<p>\u25ba\u00a0 H\u00e4ckslers f\u00fcr den Material mit Durchmesser bis 230 mm.<\/p>\n<p>\u25ba\u00a0 Anh\u00e4nger H\u00e4cksler, Traktor H\u00e4cksler, Raupen H\u00e4cksler. Diesel, Kardan oder Benzin.<\/p>\n<p>\u25ba\u00a0 Sehr einfaches Servis<\/p>\n<p>\u25ba\u00a0 Patentierte Systemen Disc Blade (Sechs mal l\u00e4ngeres Nutzungsdauer von Messer, mindestens drei-mal l\u00e4ngere Shleifen Intervalle, einfachste Innstandhaltug) Patentierte System Quad-Blade<\/p>\n<p>\u25ba\u00a0 Bei Raupen-H\u00e4ckslers kann man patentiertes System Safe-Trak nutzen. (Seitenneigung von 35\u00b0,jede Raupe l\u00e4sst sich bis zu 600 mm stufenlos ausfahren)<\/p>\n<p>\u25ba\u00a0 System GreenMech \u201eNo Stress\u201c (Anti-\u00dcberlastung system)<\/p>\n<p>\u25ba\u00a0 System GreenMech Power Control (Optimalisation von Leistung)<\/p>\n<p>\u25ba\u00a0 Niedrigste L\u00e4rm Niveau dank Disc-Blade<\/p>\n<p>[\/et_pb_text][\/et_pb_column][et_pb_column type=&#8220;1_2&#8243; _builder_version=&#8220;4.5.1&#8243; _module_preset=&#8220;default&#8220;][et_pb_button button_url=&#8220;http:\/\/www.strojemavet.sk\/de\/kontakt\/&#8220; button_text=&#8220;Kontaktieren uns&#8220; button_alignment=&#8220;left&#8220; _builder_version=&#8220;4.5.6&#8243; _module_preset=&#8220;default&#8220; custom_button=&#8220;on&#8220; button_text_size=&#8220;15px&#8220; button_text_color=&#8220;#ffffff&#8220; button_bg_color=&#8220;#6aaf08&#8243; button_border_width=&#8220;2px&#8220; button_border_color=&#8220;#6aaf08&#8243; button_border_radius=&#8220;30px&#8220; button_font=&#8220;Raleway|600||on|||||&#8220; button_icon=&#8220;%%20%%&#8220; button_on_hover=&#8220;off&#8220; custom_margin=&#8220;90px||36px||false|false&#8220; custom_padding=&#8220;10px||10px||false|false&#8220; hover_enabled=&#8220;0&#8243; filter_opacity__hover_enabled=&#8220;on|hover&#8220; filter_opacity__hover=&#8220;80%&#8220;][\/et_pb_button][\/et_pb_column][\/et_pb_row][\/et_pb_section][et_pb_section fb_built=&#8220;1&#8243; _builder_version=&#8220;4.5.1&#8243; _module_preset=&#8220;default&#8220; custom_padding=&#8220;0px||0px|||&#8220;][et_pb_row use_custom_gutter=&#8220;on&#8220; gutter_width=&#8220;1&#8243; _builder_version=&#8220;4.5.1&#8243; _module_preset=&#8220;default&#8220; width=&#8220;100%&#8220; max_width=&#8220;100%&#8220; custom_padding=&#8220;0px||0px|||&#8220;][et_pb_column type=&#8220;4_4&#8243; _builder_version=&#8220;4.5.1&#8243; _module_preset=&#8220;default&#8220;][et_pb_gallery gallery_ids=&#8220;490,491,492,493,494,495,496,497&#8243; posts_number=&#8220;8&#8243; show_title_and_caption=&#8220;off&#8220; show_pagination=&#8220;off&#8220; zoom_icon_color=&#8220;#ffffff&#8220; hover_overlay_color=&#8220;rgba(37,37,37,0.88)&#8220; hover_icon=&#8220;%%15%%&#8220; _builder_version=&#8220;4.5.1&#8243; _module_preset=&#8220;default&#8220; border_width_all=&#8220;2px&#8220; border_color_all=&#8220;#ffffff&#8220;][\/et_pb_gallery][\/et_pb_column][\/et_pb_row][\/et_pb_section]<\/p>\n","protected":false},"excerpt":{"rendered":"<p>H\u00e4cksler Home\u00a0\/ H\u00e4cksler H\u00e4ckslers mit eigenem Motor Traktorh\u00e4ckler &#8211; in ein paar Wochen Mavet, spol. GmbH. hat in ihrem Portfolio H\u00e4ckslers von Geselschaft GreenMech Ltd. UK. Diese renomierte britische Geselschaft hat auf dem Market mehr als vierzig j\u00e4hrige Tradition. Alle Produkte sind konstruiert so, dass sie viele Jahren zuverl\u00e4ssig und leistungsstark sind. GreenMech hat f\u00fchrende [&hellip;]<\/p>\n","protected":false},"author":1,"featured_media":0,"parent":0,"menu_order":0,"comment_status":"closed","ping_status":"closed","template":"","meta":{"_et_pb_use_builder":"on","_et_pb_old_content":"","_et_gb_content_width":"","two_page_speed":{"current_score":{"desktop_score":99,"desktop_tti":"0.7\u00a0","mobile_score":94,"mobile_tti":"2.6\u00a0","date":"29.01.2026 11:50:48 am","status":"completed"}},"footnotes":""},"class_list":["post-1544","page","type-page","status-publish","hentry"],"_links":{"self":[{"href":"https:\/\/www.strojemavet.sk\/de\/wp-json\/wp\/v2\/pages\/1544","targetHints":{"allow":["GET"]}}],"collection":[{"href":"https:\/\/www.strojemavet.sk\/de\/wp-json\/wp\/v2\/pages"}],"about":[{"href":"https:\/\/www.strojemavet.sk\/de\/wp-json\/wp\/v2\/types\/page"}],"author":[{"embeddable":true,"href":"https:\/\/www.strojemavet.sk\/de\/wp-json\/wp\/v2\/users\/1"}],"replies":[{"embeddable":true,"href":"https:\/\/www.strojemavet.sk\/de\/wp-json\/wp\/v2\/comments?post=1544"}],"version-history":[{"count":5,"href":"https:\/\/www.strojemavet.sk\/de\/wp-json\/wp\/v2\/pages\/1544\/revisions"}],"predecessor-version":[{"id":1563,"href":"https:\/\/www.strojemavet.sk\/de\/wp-json\/wp\/v2\/pages\/1544\/revisions\/1563"}],"wp:attachment":[{"href":"https:\/\/www.strojemavet.sk\/de\/wp-json\/wp\/v2\/media?parent=1544"}],"curies":[{"name":"wp","href":"https:\/\/api.w.org\/{rel}","templated":true}]}}