{"id":1705,"date":"2020-07-20T11:08:57","date_gmt":"2020-07-20T11:08:57","guid":{"rendered":"https:\/\/www.strojemavet.sk\/zametace\/"},"modified":"2026-01-29T10:00:52","modified_gmt":"2026-01-29T10:00:52","slug":"universales-besengeraet-broomate","status":"publish","type":"page","link":"https:\/\/www.strojemavet.sk\/de\/universales-besengeraet-broomate\/","title":{"rendered":"Universales Besenger\u00e4t Broomate"},"content":{"rendered":"<p>[et_pb_section fb_built=&#8220;1&#8243; _builder_version=&#8220;4.5.1&#8243; _module_preset=&#8220;default&#8220; use_background_color_gradient=&#8220;on&#8220; background_color_gradient_start=&#8220;rgba(5,43,0,0.76)&#8220; background_color_gradient_end=&#8220;rgba(41,196,169,0)&#8220; background_color_gradient_type=&#8220;radial&#8220; background_color_gradient_direction_radial=&#8220;left&#8220; background_color_gradient_end_position=&#8220;69%&#8220; background_color_gradient_overlays_image=&#8220;on&#8220; background_image=&#8220;http:\/\/www.strojemavet.sk\/wp-content\/uploads\/2020\/07\/EVO-165-DT.jpg&#8220; custom_padding=&#8220;||24px||false|false&#8220; scroll_blur=&#8220;0|15|37|68|0px|0px|4px&#8220; motion_trigger_start=&#8220;bottom&#8220; scroll_blur_tablet=&#8220;0|34|68|100|0px|0px|0px&#8220; scroll_blur_phone=&#8220;&#8220; scroll_blur_last_edited=&#8220;on|phone&#8220;][et_pb_row _builder_version=&#8220;4.5.1&#8243; _module_preset=&#8220;default&#8220; custom_margin=&#8220;22px|auto||auto||&#8220; custom_padding=&#8220;16px||27px|||&#8220;][et_pb_column type=&#8220;4_4&#8243; _builder_version=&#8220;4.5.1&#8243; _module_preset=&#8220;default&#8220;][et_pb_text _builder_version=&#8220;4.5.6&#8243; _module_preset=&#8220;default&#8220; header_font=&#8220;Raleway|800||on|||||&#8220; header_text_align=&#8220;left&#8220; header_text_color=&#8220;#ffffff&#8220; header_font_size=&#8220;44px&#8220; header_line_height=&#8220;1.2em&#8220; custom_margin=&#8220;||-9px|||&#8220; hover_enabled=&#8220;0&#8243; header_font_size_tablet=&#8220;37px&#8220; header_font_size_phone=&#8220;32px&#8220; header_font_size_last_edited=&#8220;on|phone&#8220; header_text_shadow_style=&#8220;preset3&#8243; header_text_shadow_color=&#8220;#000000&#8243;]<\/p>\n<h1>Universales Besenger\u00e4t Broomate<\/h1>\n<p>[\/et_pb_text][et_pb_text _builder_version=&#8220;4.5.6&#8243; _module_preset=&#8220;default&#8220; text_font=&#8220;Raleway||||||||&#8220; text_text_color=&#8220;#ffffff&#8220; text_line_height=&#8220;1.6em&#8220; custom_margin=&#8220;7px||26px||false|false&#8220; custom_padding_phone=&#8220;|20px||20px|false|false&#8220; custom_padding_last_edited=&#8220;off|desktop&#8220; hover_enabled=&#8220;0&#8243;]<\/p>\n<p><strong><a href=\"http:\/\/www.strojemavet.sk\/de\">Home<\/a><\/strong>\u00a0\/ Universales Besenger\u00e4t Broomate<\/p>\n<p>[\/et_pb_text][\/et_pb_column][\/et_pb_row][\/et_pb_section][et_pb_section fb_built=&#8220;1&#8243; _builder_version=&#8220;4.5.1&#8243; _module_preset=&#8220;default&#8220; custom_padding=&#8220;||27px|||&#8220;][et_pb_row _builder_version=&#8220;4.5.1&#8243; _module_preset=&#8220;default&#8220;][et_pb_column type=&#8220;4_4&#8243; _builder_version=&#8220;4.5.1&#8243; _module_preset=&#8220;default&#8220;][et_pb_text _builder_version=&#8220;4.5.6&#8243; _module_preset=&#8220;default&#8220; text_font=&#8220;Raleway||||||||&#8220; text_text_color=&#8220;#000000&#8243; text_font_size=&#8220;16px&#8220; text_line_height=&#8220;1.8em&#8220; custom_margin=&#8220;||41px||false|false&#8220; custom_padding=&#8220;||||false|false&#8220; custom_padding_phone=&#8220;|20px||20px|false|false&#8220; custom_padding_last_edited=&#8220;off|desktop&#8220; hover_enabled=&#8220;0&#8243;]<\/p>\n<p>Einzigartige Kehrl\u00f6sung f\u00fcr Landwirtschaft und Industrie. Erprobte L\u00f6sung f\u00fcr verschiedene Zwecke. Einfach zu reinigen mit Wasser oder Dampf.\u00a0<\/p>\n<p>[\/et_pb_text][\/et_pb_column][\/et_pb_row][\/et_pb_section][et_pb_section fb_built=&#8220;1&#8243; _builder_version=&#8220;4.5.1&#8243; _module_preset=&#8220;default&#8220; use_background_color_gradient=&#8220;on&#8220; background_color_gradient_start=&#8220;rgba(244,244,244,0.98)&#8220; background_color_gradient_end=&#8220;rgba(244,244,244,0.98)&#8220; background_color_gradient_overlays_image=&#8220;on&#8220; background_image=&#8220;http:\/\/www.strojemavet.sk\/wp-content\/uploads\/2020\/07\/Slider2.jpg&#8220; custom_margin=&#8220;||||false|false&#8220; custom_margin_last_edited=&#8220;off|desktop&#8220; custom_padding=&#8220;80px||6px|||&#8220;][\/et_pb_section][et_pb_section fb_built=&#8220;1&#8243; _builder_version=&#8220;4.5.1&#8243; _module_preset=&#8220;default&#8220; use_background_color_gradient=&#8220;on&#8220; background_color_gradient_start=&#8220;rgba(255,255,255,0.87)&#8220; background_color_gradient_end=&#8220;#ffffff&#8220; background_color_gradient_type=&#8220;radial&#8220; background_color_gradient_direction_radial=&#8220;bottom left&#8220; background_color_gradient_end_position=&#8220;50%&#8220; background_color_gradient_overlays_image=&#8220;on&#8220; background_image=&#8220;http:\/\/www.strojemavet.sk\/wp-content\/uploads\/2020\/07\/CS80-Standing-2.jpg&#8220; custom_padding=&#8220;27px||21px|||&#8220;][et_pb_row column_structure=&#8220;1_2,1_2&#8243; _builder_version=&#8220;4.5.1&#8243; _module_preset=&#8220;default&#8220; custom_margin=&#8220;-99px|auto|32px|auto|false|false&#8220; custom_padding=&#8220;24px||17px|||&#8220; scroll_vertical_motion=&#8220;0|50|50|100|-2|0|0&#8243;][et_pb_column type=&#8220;1_2&#8243; _builder_version=&#8220;4.5.1&#8243; _module_preset=&#8220;default&#8220; background_color=&#8220;#252525&#8243; background_enable_image=&#8220;off&#8220; custom_padding=&#8220;70px|50px|70px|50px|false|false&#8220; custom_padding_tablet=&#8220;|30px||30px|false|false&#8220; custom_padding_phone=&#8220;|30px||30px|false|false&#8220; custom_padding_last_edited=&#8220;on|phone&#8220; box_shadow_style=&#8220;preset1&#8243; box_shadow_blur=&#8220;46px&#8220; box_shadow_spread=&#8220;-6px&#8220;][et_pb_text _builder_version=&#8220;4.5.6&#8243; _module_preset=&#8220;default&#8220; text_font=&#8220;Raleway|700|||||||&#8220; text_text_color=&#8220;#ffffff&#8220; text_font_size=&#8220;21px&#8220; text_line_height=&#8220;1.3em&#8220; custom_margin=&#8220;||22px||false|false&#8220; custom_padding=&#8220;||||false|false&#8220; hover_enabled=&#8220;0&#8243; text_font_size_tablet=&#8220;38px&#8220; text_font_size_phone=&#8220;25px&#8220; text_font_size_last_edited=&#8220;off|desktop&#8220;]<\/p>\n<p>Drei Gr\u00f6ssen : MIDIMATE, MAXIMATE, MEGAMATE<\/p>\n<p>[\/et_pb_text][et_pb_divider divider_weight=&#8220;2px&#8220; _builder_version=&#8220;4.5.1&#8243; _module_preset=&#8220;default&#8220; width=&#8220;150px&#8220; custom_margin=&#8220;||16px|||&#8220;][\/et_pb_divider][et_pb_text _builder_version=&#8220;4.5.6&#8243; _module_preset=&#8220;default&#8220; text_font=&#8220;Raleway|300|||||||&#8220; text_text_color=&#8220;#ffffff&#8220; text_line_height=&#8220;1.6em&#8220; custom_margin=&#8220;||26px||false|false&#8220; custom_padding=&#8220;||||false|false&#8220; custom_padding_phone=&#8220;|20px||20px|false|false&#8220; custom_padding_last_edited=&#8220;off|desktop&#8220; hover_enabled=&#8220;0&#8243;]<\/p>\n<p>Engste Variante der Broomate ist 1,8 m, mittlere Variante 2,4 m , gr\u00f6\u00dfte Abmessung 3 m.<\/p>\n<p>[\/et_pb_text][et_pb_video src=&#8220;https:\/\/youtu.be\/vqmAnekX_wg&#8220; thumbnail_overlay_color=&#8220;rgba(0,0,0,0.6)&#8220; _builder_version=&#8220;4.5.1&#8243; _module_preset=&#8220;default&#8220;][\/et_pb_video][et_pb_video src=&#8220;https:\/\/youtu.be\/0d49DsEg-Rs&#8220; thumbnail_overlay_color=&#8220;rgba(0,0,0,0.6)&#8220; _builder_version=&#8220;4.5.1&#8243; _module_preset=&#8220;default&#8220;][\/et_pb_video][et_pb_video src=&#8220;https:\/\/youtu.be\/neXOhKT6he8&#8243; thumbnail_overlay_color=&#8220;rgba(0,0,0,0.6)&#8220; _builder_version=&#8220;4.5.1&#8243; _module_preset=&#8220;default&#8220;][\/et_pb_video][\/et_pb_column][et_pb_column type=&#8220;1_2&#8243; _builder_version=&#8220;4.5.1&#8243; _module_preset=&#8220;default&#8220;][et_pb_text _builder_version=&#8220;4.5.6&#8243; _module_preset=&#8220;default&#8220; text_font=&#8220;Raleway||||||||&#8220; text_text_color=&#8220;#000000&#8243; text_font_size=&#8220;16px&#8220; text_line_height=&#8220;1.8em&#8220; custom_margin=&#8220;100px||13px||false|false&#8220; custom_padding=&#8220;||||false|false&#8220; custom_padding_phone=&#8220;|20px||20px|false|false&#8220; custom_padding_last_edited=&#8220;off|desktop&#8220; hover_enabled=&#8220;0&#8243;]<\/p>\n<p>\u25ba\u00a0 Einfaches Einsetzen auf Gabelzinken oder 3-Punkt Verbindungen<\/p>\n<p>\u25ba\u00a0 Nutzung f\u00fcr schweren Schmutz, Kies, Sand, Getreide, S\u00e4gemehl, Schotter, Schlamm, Jauche, Schnee, stehende Wasser u.a.<\/p>\n<p>\u25ba\u00a0 11 Streifenb\u00fcrsten (Produzent Osborne Germany)<\/p>\n<p>\u25ba\u00a0 Origin\u00e4l entwickelte dicht geb\u00fcndelten, extrem starke Polypropylen-Borsten (Patentiert)<\/p>\n<p>\u25ba\u00a0 Hohe Lebensdauer (bis 800 km x 1,8\/2,4\/3,0 m) der Borsten und einfaches Austauscheniehen (\u00fcber 100 zufriedene Referenzen)<\/p>\n<p>\u25ba\u00a0 Gewicht ohne B\u00fcrsten: 167 kg, 260 kg, 337 kg<\/p>\n<p>[\/et_pb_text][et_pb_button button_url=&#8220;http:\/\/www.strojemavet.sk\/de\/kontakt\/&#8220; button_text=&#8220;Kontaktieren uns&#8220; button_alignment=&#8220;left&#8220; _builder_version=&#8220;4.5.6&#8243; _module_preset=&#8220;default&#8220; custom_button=&#8220;on&#8220; button_text_size=&#8220;15px&#8220; button_text_color=&#8220;#ffffff&#8220; button_bg_color=&#8220;#6aaf08&#8243; button_border_width=&#8220;2px&#8220; button_border_color=&#8220;#6aaf08&#8243; button_border_radius=&#8220;30px&#8220; button_font=&#8220;Raleway|600||on|||||&#8220; button_icon=&#8220;%%20%%&#8220; button_on_hover=&#8220;off&#8220; custom_margin=&#8220;47px||48px||false|false&#8220; custom_padding=&#8220;10px||10px||false|false&#8220; hover_enabled=&#8220;0&#8243; filter_opacity__hover_enabled=&#8220;on|hover&#8220; filter_opacity__hover=&#8220;80%&#8220;][\/et_pb_button][\/et_pb_column][\/et_pb_row][\/et_pb_section][et_pb_section fb_built=&#8220;1&#8243; _builder_version=&#8220;4.5.1&#8243; _module_preset=&#8220;default&#8220; custom_padding=&#8220;0px||0px|||&#8220;][et_pb_row use_custom_gutter=&#8220;on&#8220; gutter_width=&#8220;1&#8243; _builder_version=&#8220;4.5.1&#8243; _module_preset=&#8220;default&#8220; width=&#8220;100%&#8220; max_width=&#8220;100%&#8220; custom_padding=&#8220;0px||0px|||&#8220;][et_pb_column type=&#8220;4_4&#8243; _builder_version=&#8220;4.5.1&#8243; _module_preset=&#8220;default&#8220;][et_pb_gallery gallery_ids=&#8220;569,571,565,560,570,574,575,576&#8243; posts_number=&#8220;8&#8243; show_title_and_caption=&#8220;off&#8220; show_pagination=&#8220;off&#8220; zoom_icon_color=&#8220;#ffffff&#8220; hover_overlay_color=&#8220;rgba(37,37,37,0.88)&#8220; hover_icon=&#8220;%%15%%&#8220; _builder_version=&#8220;4.5.1&#8243; _module_preset=&#8220;default&#8220; border_width_all=&#8220;2px&#8220; border_color_all=&#8220;#ffffff&#8220;][\/et_pb_gallery][\/et_pb_column][\/et_pb_row][\/et_pb_section]<\/p>\n","protected":false},"excerpt":{"rendered":"<p>Universales Besenger\u00e4t Broomate Home\u00a0\/ Universales Besenger\u00e4t Broomate Einzigartige Kehrl\u00f6sung f\u00fcr Landwirtschaft und Industrie. Erprobte L\u00f6sung f\u00fcr verschiedene Zwecke. Einfach zu reinigen mit Wasser oder Dampf.\u00a0 Drei Gr\u00f6ssen : MIDIMATE, MAXIMATE, MEGAMATE Engste Variante der Broomate ist 1,8 m, mittlere Variante 2,4 m , gr\u00f6\u00dfte Abmessung 3 m. \u25ba\u00a0 Einfaches Einsetzen auf Gabelzinken oder 3-Punkt Verbindungen [&hellip;]<\/p>\n","protected":false},"author":1,"featured_media":0,"parent":0,"menu_order":0,"comment_status":"closed","ping_status":"closed","template":"","meta":{"_et_pb_use_builder":"on","_et_pb_old_content":"","_et_gb_content_width":"","two_page_speed":{"current_score":{"desktop_score":75,"desktop_tti":"2.9\u00a0","mobile_score":62,"mobile_tti":"15.0\u00a0","date":"29.01.2026 10:01:29 am","status":"completed"}},"footnotes":""},"class_list":["post-1705","page","type-page","status-publish","hentry"],"_links":{"self":[{"href":"https:\/\/www.strojemavet.sk\/de\/wp-json\/wp\/v2\/pages\/1705","targetHints":{"allow":["GET"]}}],"collection":[{"href":"https:\/\/www.strojemavet.sk\/de\/wp-json\/wp\/v2\/pages"}],"about":[{"href":"https:\/\/www.strojemavet.sk\/de\/wp-json\/wp\/v2\/types\/page"}],"author":[{"embeddable":true,"href":"https:\/\/www.strojemavet.sk\/de\/wp-json\/wp\/v2\/users\/1"}],"replies":[{"embeddable":true,"href":"https:\/\/www.strojemavet.sk\/de\/wp-json\/wp\/v2\/comments?post=1705"}],"version-history":[{"count":3,"href":"https:\/\/www.strojemavet.sk\/de\/wp-json\/wp\/v2\/pages\/1705\/revisions"}],"predecessor-version":[{"id":1709,"href":"https:\/\/www.strojemavet.sk\/de\/wp-json\/wp\/v2\/pages\/1705\/revisions\/1709"}],"wp:attachment":[{"href":"https:\/\/www.strojemavet.sk\/de\/wp-json\/wp\/v2\/media?parent=1705"}],"curies":[{"name":"wp","href":"https:\/\/api.w.org\/{rel}","templated":true}]}}